{"id":4,"date":"2025-03-26T10:27:16","date_gmt":"2025-03-26T10:27:16","guid":{"rendered":"https:\/\/eskisehirvinc26.com\/?page_id=4"},"modified":"2025-04-01T08:23:22","modified_gmt":"2025-04-01T08:23:22","slug":"bahis-uygulamalarinda-guvenlik-kisisel-bilgilerinizi-ve-bakiyenizi-nasil-korursunuz","status":"publish","type":"page","link":"https:\/\/eskisehirvinc26.com\/","title":{"rendered":"Bahis Uygulamalar\u0131nda G\u00fcvenlik: Ki\u015fisel Bilgilerinizi ve Bakiye\u2019nizi Nas\u0131l Korursunuz?"},"content":{"rendered":"\n<figure class=\"wp-block-image size-large\"><img decoding=\"async\" loading=\"lazy\" width=\"1024\" height=\"677\" src=\"https:\/\/eskisehirvinc26.com\/wp-content\/uploads\/2025\/04\/7c4ba2a6a00b473b873c3c6e27a1e902-1024x677.png\" alt=\"casino\" class=\"wp-image-13\" srcset=\"https:\/\/eskisehirvinc26.com\/wp-content\/uploads\/2025\/04\/7c4ba2a6a00b473b873c3c6e27a1e902-1024x677.png 1024w, https:\/\/eskisehirvinc26.com\/wp-content\/uploads\/2025\/04\/7c4ba2a6a00b473b873c3c6e27a1e902-300x198.png 300w, https:\/\/eskisehirvinc26.com\/wp-content\/uploads\/2025\/04\/7c4ba2a6a00b473b873c3c6e27a1e902-768x508.png 768w, https:\/\/eskisehirvinc26.com\/wp-content\/uploads\/2025\/04\/7c4ba2a6a00b473b873c3c6e27a1e902.png 1444w\" sizes=\"(max-width: 1024px) 100vw, 1024px\" \/><\/figure>\n\n\n\n<p>Mobil bahis uygulamalar\u0131 her ge\u00e7en g\u00fcn daha fazla kullan\u0131c\u0131ya ula\u015f\u0131rken, beraberinde&nbsp;<strong>g\u00fcvenlik risklerini<\/strong>&nbsp;de g\u00fcndeme getiriyor. Kullan\u0131c\u0131lar mobil \u00fczerinden kolayl\u0131kla bahis oynayabiliyor, ancak ki\u015fisel veriler, \u00f6deme bilgileri ve hesap g\u00fcvenli\u011fi her zaman dikkatle korunmal\u0131. \u00d6zellikle para yat\u0131rma ve \u00e7ekme i\u015flemlerinin yap\u0131ld\u0131\u011f\u0131 bu ortamlarda,&nbsp;<strong>uygulama g\u00fcvenli\u011fi hayati \u00f6neme sahiptir<\/strong>.<\/p>\n\n\n\n<p>Bu yaz\u0131da, bir bahis uygulamas\u0131n\u0131n g\u00fcvenilir olup olmad\u0131\u011f\u0131n\u0131 nas\u0131l anlayabilece\u011finizi, hangi \u00f6nlemleri alman\u0131z gerekti\u011fini ve neden&nbsp;<strong>g\u00fcvenli kaynaklardan indirmenin<\/strong>&nbsp;\u00e7ok \u00f6nemli oldu\u011funu anlataca\u011f\u0131z.<\/p>\n\n\n\n<p>G\u00fcvenli ve lisansl\u0131 bir mobil bahis deneyimi i\u00e7in&nbsp;<strong><a class=\"\" href=\"https:\/\/megapari-tr.com\/indir\/\">\u0130ndir<\/a><\/strong>&nbsp;ba\u011flant\u0131s\u0131n\u0131 kullanarak Megapari uygulamas\u0131n\u0131 resmi kaynaktan edinmeniz \u00f6nerilir.<\/p>\n\n\n\n<h2 class=\"wp-block-heading\"><strong>\u0130\u00e7indekiler<\/strong><\/h2>\n\n\n\n<ol>\n<li><a class=\"\" href=\"#neden-onemli\">Mobil Bahis Uygulamalar\u0131nda G\u00fcvenlik Neden \u00d6nemlidir?<\/a><\/li>\n\n\n\n<li><a class=\"\" href=\"#guvenilir-uygulama\">G\u00fcvenilir Bahis Uygulamas\u0131 Nas\u0131l Anla\u015f\u0131l\u0131r?<\/a><\/li>\n\n\n\n<li><a class=\"\" href=\"#indirirken-dikkat\">\u0130ndirirken Dikkat Edilmesi Gerekenler<\/a><\/li>\n\n\n\n<li><a class=\"\" href=\"#uygulama-onlemleri\">Uygulama \u0130\u00e7inde Al\u0131nabilecek G\u00fcvenlik \u00d6nlemleri<\/a><\/li>\n\n\n\n<li><a class=\"\" href=\"#dolandiricilik\">Doland\u0131r\u0131c\u0131l\u0131k ve K\u00f6t\u00fc Niyetli Uygulamalardan Korunma Yollar\u0131<\/a><\/li>\n\n\n\n<li><a class=\"\" href=\"#megapari-guven\">Megapari \u0130ndir G\u00fcvenli midir?<\/a><\/li>\n\n\n\n<li><a class=\"\" href=\"#sonuc\">Sonu\u00e7<\/a><\/li>\n<\/ol>\n\n\n\n<hr class=\"wp-block-separator has-alpha-channel-opacity\"\/>\n\n\n\n<h2 class=\"wp-block-heading\"><strong>1. Mobil Bahis Uygulamalar\u0131nda G\u00fcvenlik Neden \u00d6nemlidir?<\/strong>&nbsp;<\/h2>\n\n\n\n<p>Mobil uygulamalar \u00fczerinden:<\/p>\n\n\n\n<ul>\n<li>Ger\u00e7ek para yat\u0131r\u0131m\u0131 yap\u0131l\u0131r<\/li>\n\n\n\n<li>Kimlik bilgileri payla\u015f\u0131l\u0131r<\/li>\n\n\n\n<li>Kredi kart\u0131 ve kripto para bilgileri girilir<\/li>\n<\/ul>\n\n\n\n<p>Bu veriler, k\u00f6t\u00fc ama\u00e7l\u0131 yaz\u0131l\u0131mlar veya sahte uygulamalar taraf\u0131ndan ele ge\u00e7irilebilir. Bu nedenle kullan\u0131c\u0131lar\u0131n:<\/p>\n\n\n\n<ul>\n<li><strong>Resm\u00ee kaynaklardan uygulama indirmesi<\/strong><\/li>\n\n\n\n<li><strong>Uygulama izinlerini kontrol etmesi<\/strong><\/li>\n\n\n\n<li><strong>G\u00fc\u00e7l\u00fc \u015fifreler kullanmas\u0131<\/strong>&nbsp;gerekir.<\/li>\n<\/ul>\n\n\n\n<p><\/p>\n\n\n\n<h2 class=\"wp-block-heading\"><strong>2. G\u00fcvenilir Bahis Uygulamas\u0131 Nas\u0131l Anla\u015f\u0131l\u0131r?<\/strong>&nbsp;<\/h2>\n\n\n\n<figure class=\"wp-block-image size-large\"><img decoding=\"async\" loading=\"lazy\" width=\"1024\" height=\"576\" src=\"https:\/\/eskisehirvinc26.com\/wp-content\/uploads\/2025\/04\/maxresdefault-3-1024x576.png\" alt=\"casino\" class=\"wp-image-14\" srcset=\"https:\/\/eskisehirvinc26.com\/wp-content\/uploads\/2025\/04\/maxresdefault-3-1024x576.png 1024w, https:\/\/eskisehirvinc26.com\/wp-content\/uploads\/2025\/04\/maxresdefault-3-300x169.png 300w, https:\/\/eskisehirvinc26.com\/wp-content\/uploads\/2025\/04\/maxresdefault-3-768x432.png 768w, https:\/\/eskisehirvinc26.com\/wp-content\/uploads\/2025\/04\/maxresdefault-3.png 1280w\" sizes=\"(max-width: 1024px) 100vw, 1024px\" \/><\/figure>\n\n\n\n<p>A\u015fa\u011f\u0131daki kriterler, bir bahis uygulamas\u0131n\u0131n g\u00fcvenilirli\u011fini belirlemenize yard\u0131mc\u0131 olur:<\/p>\n\n\n\n<figure class=\"wp-block-table\"><table><thead><tr><th>Kriter<\/th><th>A\u00e7\u0131klama<\/th><\/tr><\/thead><tbody><tr><td><strong>Lisansl\u0131 Siteye Ba\u011fl\u0131 m\u0131?<\/strong><\/td><td>Uygulama, lisansl\u0131 bir bahis sitesine ait olmal\u0131<\/td><\/tr><tr><td><strong>HTTPS Sertifikas\u0131<\/strong><\/td><td>Veri aktar\u0131m\u0131 g\u00fcvenli olmal\u0131<\/td><\/tr><tr><td><strong>Kullan\u0131c\u0131 Yorumlar\u0131<\/strong><\/td><td>Ger\u00e7ek kullan\u0131c\u0131lar taraf\u0131ndan pozitif yorumlar almal\u0131<\/td><\/tr><tr><td><strong>S\u00fcr\u00fcm G\u00fcncellemeleri<\/strong><\/td><td>Geli\u015ftirici d\u00fczenli olarak g\u00fcvenlik g\u00fcncellemesi yay\u0131nlamal\u0131<\/td><\/tr><\/tbody><\/table><\/figure>\n\n\n\n<p>Uygulaman\u0131n ba\u011flant\u0131s\u0131na dikkat edin: \u00f6rne\u011fin&nbsp;\u0130ndir&nbsp;adresi&nbsp;<strong>resm\u00ee ve g\u00fcvenlidir<\/strong>.<\/p>\n\n\n\n<p><\/p>\n\n\n\n<h2 class=\"wp-block-heading\"><strong>3. \u0130ndirirken Dikkat Edilmesi Gerekenler<\/strong>&nbsp;<\/h2>\n\n\n\n<p>Mobil bahis uygulamalar\u0131n\u0131 indirirken \u015fu ad\u0131mlara dikkat edin:<\/p>\n\n\n\n<ul>\n<li><strong>Google Play gibi ma\u011fazalarda bulunmuyorsa, do\u011frudan site \u00fczerinden indirin<\/strong><\/li>\n\n\n\n<li><strong>Kayna\u011f\u0131 belli olmayan .apk dosyalar\u0131n\u0131 kesinlikle a\u00e7may\u0131n<\/strong><\/li>\n\n\n\n<li><strong>Dosya ad\u0131 veya logosu \u015f\u00fcpheliyse indirmeyin<\/strong><\/li>\n\n\n\n<li><strong>Cihaz\u0131n\u0131zda antivir\u00fcs veya zararl\u0131 yaz\u0131l\u0131m korumas\u0131 kullan\u0131n<\/strong><\/li>\n<\/ul>\n\n\n\n<p>Unutmay\u0131n, g\u00fcvenli bir indirme i\u00e7in her zaman&nbsp;<strong><a class=\"\" href=\"https:\/\/megapari-tr.com\/indir\/\">megapari-tr.com\/indir\/<\/a><\/strong>&nbsp;gibi do\u011frulanm\u0131\u015f ba\u011flant\u0131lar\u0131 tercih edin.<\/p>\n\n\n\n<p><\/p>\n\n\n\n<h2 class=\"wp-block-heading\"><strong>4. Uygulama \u0130\u00e7inde Al\u0131nabilecek G\u00fcvenlik \u00d6nlemleri<\/strong>&nbsp;<\/h2>\n\n\n\n<p>Mobil uygulamay\u0131 indirdikten sonra da ki\u015fisel \u00f6nlemler almak b\u00fcy\u00fck fark yarat\u0131r:<\/p>\n\n\n\n<ul>\n<li><strong>G\u00fc\u00e7l\u00fc ve benzersiz \u015fifre olu\u015fturun<\/strong><\/li>\n\n\n\n<li><strong>\u0130ki a\u015famal\u0131 do\u011frulama (2FA) varsa aktif hale getirin<\/strong><\/li>\n\n\n\n<li><strong>Otomatik oturum a\u00e7\u0131k b\u0131rakmay\u0131n<\/strong><\/li>\n\n\n\n<li><strong>Halka a\u00e7\u0131k Wi-Fi \u00fczerinden giri\u015f yapmay\u0131n<\/strong><\/li>\n\n\n\n<li><strong>D\u00fczenli olarak \u015fifre de\u011fi\u015ftirin<\/strong><\/li>\n<\/ul>\n\n\n\n<p>Bu ad\u0131mlarla&nbsp;<strong>ki\u015fisel bilgilerinizin ve bakiyenizin g\u00fcvende kalmas\u0131n\u0131 sa\u011flayabilirsiniz<\/strong>.<\/p>\n\n\n\n<hr class=\"wp-block-separator has-alpha-channel-opacity\"\/>\n\n\n\n<h2 class=\"wp-block-heading\"><strong>5. Doland\u0131r\u0131c\u0131l\u0131k ve K\u00f6t\u00fc Niyetli Uygulamalardan Korunma Yollar\u0131<\/strong>&nbsp;<\/h2>\n\n\n\n<p>Baz\u0131 sahte uygulamalar, kullan\u0131c\u0131y\u0131 birebir taklit edilerek kand\u0131rmaya \u00e7al\u0131\u015fabilir.<\/p>\n\n\n\n<h3 class=\"wp-block-heading\">Dikkat Edilmesi Gereken \u0130\u015faretler:<\/h3>\n\n\n\n<ul>\n<li>\u201cMegapari\u201d ad\u0131na benzer ama farkl\u0131 yaz\u0131mlarla olu\u015fturulmu\u015f sahte siteler<\/li>\n\n\n\n<li>Uygulama simgesinin bulan\u0131k veya kalitesiz olmas\u0131<\/li>\n\n\n\n<li>Orijinal site d\u0131\u015f\u0131nda .apk dosyas\u0131na y\u00f6nlendirme yapan reklamlar<\/li>\n<\/ul>\n\n\n\n<p><strong>G\u00fcvenli olmak i\u00e7in uygulamay\u0131 yaln\u0131zca&nbsp;<a class=\"\" href=\"https:\/\/megapari-tr.com\/indir\/\">resmi ba\u011flant\u0131dan<\/a><\/strong>&nbsp;indirin ve do\u011frulu\u011funu her zaman kontrol edin.<\/p>\n\n\n\n<p><\/p>\n\n\n\n<h2 class=\"wp-block-heading\"><strong>6. Megapari \u0130ndir G\u00fcvenli midir?<\/strong>&nbsp;<\/h2>\n\n\n\n<p>Evet,&nbsp;<strong>Megapari mobil uygulamas\u0131 do\u011frudan resmi site \u00fczerinden sunuldu\u011fu i\u00e7in g\u00fcvenlidir<\/strong>. Uygulama:<\/p>\n\n\n\n<ul>\n<li>Lisansl\u0131 bir bahis platformuna ba\u011fl\u0131d\u0131r<\/li>\n\n\n\n<li>SSL sertifikalar\u0131yla korunur<\/li>\n\n\n\n<li>Kredi kart\u0131, banka ve kripto i\u015flemlerinde geli\u015fmi\u015f g\u00fcvenlik sistemleri kullan\u0131r<\/li>\n\n\n\n<li>Verilerinizi \u00fc\u00e7\u00fcnc\u00fc ki\u015filerle payla\u015fmaz<\/li>\n<\/ul>\n\n\n\n<p>G\u00fcvenli mobil bahis deneyimi i\u00e7in&nbsp;<a class=\"\" href=\"https:\/\/megapari-tr.com\/indir\/\">\u0130ndir<\/a>&nbsp;ba\u011flant\u0131s\u0131n\u0131 kullanarak uygulamay\u0131 hemen cihaz\u0131n\u0131za kurabilirsiniz.<\/p>\n\n\n\n<p><\/p>\n\n\n\n<h2 class=\"wp-block-heading\"><strong>7. Sonu\u00e7<\/strong>&nbsp;<\/h2>\n\n\n\n<p>Mobil bahis keyfini ya\u015farken,&nbsp;<strong>ki\u015fisel bilgilerinizin g\u00fcvenli\u011fi sizin sorumlulu\u011funuzdad\u0131r<\/strong>. G\u00fcvenli bir uygulama kullanmak, uzun vadede hem kazanc\u0131n\u0131z\u0131 hem de dijital kimli\u011finizi korur.<\/p>\n\n\n\n<h3 class=\"wp-block-heading\">\u00d6zet:<\/h3>\n\n\n\n<ul>\n<li>Bilinmeyen kaynaklardan APK indirerek risk almay\u0131n.<\/li>\n\n\n\n<li>Megapari uygulamas\u0131 gibi lisansl\u0131 ve resmi platformlar\u0131 tercih edin.<\/li>\n\n\n\n<li><a class=\"\" href=\"https:\/\/megapari-tr.com\/indir\/\">\u0130ndir<\/a>&nbsp;ba\u011flant\u0131s\u0131n\u0131 kullanarak g\u00fcvenli bir ba\u015flang\u0131\u00e7 yap\u0131n.<\/li>\n\n\n\n<li>G\u00fc\u00e7l\u00fc \u015fifreler, 2FA ve antivir\u00fcs gibi \u00f6nlemlerle hesab\u0131n\u0131z\u0131 koruyun.<\/li>\n<\/ul>\n","protected":false},"excerpt":{"rendered":"<p>Mobil bahis uygulamalar\u0131 her ge\u00e7en g\u00fcn daha fazla kullan\u0131c\u0131ya ula\u015f\u0131rken, beraberinde&nbsp;g\u00fcvenlik risklerini&nbsp;de g\u00fcndeme getiriyor. Kullan\u0131c\u0131lar mobil \u00fczerinden kolayl\u0131kla bahis oynayabiliyor, ancak ki\u015fisel veriler, \u00f6deme bilgileri ve hesap g\u00fcvenli\u011fi her zaman dikkatle korunmal\u0131. \u00d6zellikle para yat\u0131rma ve \u00e7ekme i\u015flemlerinin yap\u0131ld\u0131\u011f\u0131 bu ortamlarda,&nbsp;uygulama g\u00fcvenli\u011fi hayati \u00f6neme sahiptir. Bu yaz\u0131da, bir bahis uygulamas\u0131n\u0131n g\u00fcvenilir olup olmad\u0131\u011f\u0131n\u0131 nas\u0131l anlayabilece\u011finizi, [&hellip;]<\/p>\n","protected":false},"author":1,"featured_media":0,"parent":0,"menu_order":0,"comment_status":"closed","ping_status":"closed","template":"","meta":{"footnotes":""},"_links":{"self":[{"href":"https:\/\/eskisehirvinc26.com\/index.php?rest_route=\/wp\/v2\/pages\/4"}],"collection":[{"href":"https:\/\/eskisehirvinc26.com\/index.php?rest_route=\/wp\/v2\/pages"}],"about":[{"href":"https:\/\/eskisehirvinc26.com\/index.php?rest_route=\/wp\/v2\/types\/page"}],"author":[{"embeddable":true,"href":"https:\/\/eskisehirvinc26.com\/index.php?rest_route=\/wp\/v2\/users\/1"}],"replies":[{"embeddable":true,"href":"https:\/\/eskisehirvinc26.com\/index.php?rest_route=%2Fwp%2Fv2%2Fcomments&post=4"}],"version-history":[{"count":3,"href":"https:\/\/eskisehirvinc26.com\/index.php?rest_route=\/wp\/v2\/pages\/4\/revisions"}],"predecessor-version":[{"id":30,"href":"https:\/\/eskisehirvinc26.com\/index.php?rest_route=\/wp\/v2\/pages\/4\/revisions\/30"}],"wp:attachment":[{"href":"https:\/\/eskisehirvinc26.com\/index.php?rest_route=%2Fwp%2Fv2%2Fmedia&parent=4"}],"curies":[{"name":"wp","href":"https:\/\/api.w.org\/{rel}","templated":true}]}}